{"id":1291,"date":"2024-09-27T15:42:28","date_gmt":"2024-09-27T13:42:28","guid":{"rendered":"https:\/\/dev2.saihydraulics.com\/?page_id=1291"},"modified":"2024-12-09T10:06:25","modified_gmt":"2024-12-09T09:06:25","slug":"sostenibilita","status":"publish","type":"page","link":"https:\/\/dev2.saihydraulics.com\/it\/sostenibilita\/","title":{"rendered":"Impegno sostenibile"},"content":{"rendered":"\t\t<div data-elementor-type=\"wp-page\" data-elementor-id=\"1291\" class=\"elementor elementor-1291\" data-elementor-post-type=\"page\">\n\t\t\t\t<div class=\"elementor-element elementor-element-2104d9a e-flex e-con-boxed e-con e-parent\" data-id=\"2104d9a\" data-element_type=\"container\" data-settings=\"{&quot;background_background&quot;:&quot;video&quot;,&quot;background_video_link&quot;:&quot;https:\\\/\\\/dev2.saihydraulics.com\\\/wp-content\\\/uploads\\\/2024\\\/08\\\/video-sai.mov&quot;}\">\n\t\t\t\t\t<div class=\"e-con-inner\">\n\t\t<div class=\"elementor-background-video-container elementor-hidden-mobile\">\n\t\t\t\t\t\t\t<video class=\"elementor-background-video-hosted\" autoplay muted playsinline loop><\/video>\n\t\t\t\t\t<\/div>\t\t<div class=\"elementor-element elementor-element-484a9a2 elementor-widget elementor-widget-heading\" data-id=\"484a9a2\" data-element_type=\"widget\" data-widget_type=\"heading.default\">\n\t\t\t\t<div class=\"elementor-widget-container\">\n\t\t\t\t\t<h1 class=\"elementor-heading-title elementor-size-default\"> Sostenibilit\u00e0: efficienza e innovazione al servizio del pianeta<\/h1>\t\t\t\t<\/div>\n\t\t\t\t<\/div>\n\t\t\t\t<div class=\"elementor-element elementor-element-ce703a7 elementor-widget elementor-widget-heading\" data-id=\"ce703a7\" data-element_type=\"widget\" data-widget_type=\"heading.default\">\n\t\t\t\t<div class=\"elementor-widget-container\">\n\t\t\t\t\t<p class=\"elementor-heading-title elementor-size-default\">In SAI Hydraulic Motors, siamo convinti che innovazione e sostenibilit\u00e0 debbano procedere di pari passo. I nostri motori idraulici sono progettati per ridurre al minimo le perdite energetiche e ottimizzare le prestazioni, contribuendo cos\u00ec a diminuire i consumi e l'impronta di carbonio. Ogni componente \u00e8 sviluppato con l'obiettivo di garantire durabilit\u00e0 e sostenibilit\u00e0 a lungo termine, assicurando che le nostre soluzioni siano non solo efficienti, ma anche responsabili nei confronti dell'ambiente.<\/p>\t\t\t\t<\/div>\n\t\t\t\t<\/div>\n\t\t\t\t\t<\/div>\n\t\t\t\t<\/div>\n\t\t<div class=\"elementor-element elementor-element-19e9b68 e-con-full e-flex e-con e-parent\" data-id=\"19e9b68\" data-element_type=\"container\">\n\t\t<div class=\"elementor-element elementor-element-28a0f24 e-con-full e-flex e-con e-child\" data-id=\"28a0f24\" data-element_type=\"container\" data-settings=\"{&quot;background_background&quot;:&quot;classic&quot;}\">\n\t\t\t\t<\/div>\n\t\t<div class=\"elementor-element elementor-element-1de8545 e-con-full e-flex e-con e-child\" data-id=\"1de8545\" data-element_type=\"container\">\n\t\t\t\t<div class=\"elementor-element elementor-element-9dd3574 elementor-widget elementor-widget-heading\" data-id=\"9dd3574\" data-element_type=\"widget\" data-widget_type=\"heading.default\">\n\t\t\t\t<div class=\"elementor-widget-container\">\n\t\t\t\t\t<h2 class=\"elementor-heading-title elementor-size-default\">Produzione locale per un impatto globale minore<\/h2>\t\t\t\t<\/div>\n\t\t\t\t<\/div>\n\t\t\t\t<div class=\"elementor-element elementor-element-270771d elementor-widget elementor-widget-heading\" data-id=\"270771d\" data-element_type=\"widget\" data-widget_type=\"heading.default\">\n\t\t\t\t<div class=\"elementor-widget-container\">\n\t\t\t\t\t<h2 class=\"elementor-heading-title elementor-size-default\">Operiamo in Italia, India, Cina e USA, riducendo le emissioni legate al trasporto e rispondendo in modo efficace alle esigenze dei mercati locali. Questo approccio non solo minimizza l'impatto ambientale, ma supporta anche l'economia circolare, promuovendo il riciclo e la riduzione degli sprechi lungo l'intero ciclo produttivo. La nostra strategia ci consente di offrire soluzioni personalizzate e sostenibili, contribuendo a un futuro pi\u00f9 verde.<\/h2>\t\t\t\t<\/div>\n\t\t\t\t<\/div>\n\t\t\t\t<\/div>\n\t\t\t\t<\/div>\n\t\t<div class=\"elementor-element elementor-element-e94794b e-con-full e-flex e-con e-parent\" data-id=\"e94794b\" data-element_type=\"container\" data-settings=\"{&quot;background_background&quot;:&quot;classic&quot;}\">\n\t\t<div class=\"elementor-element elementor-element-2879ccd e-con-full e-flex e-con e-child\" data-id=\"2879ccd\" data-element_type=\"container\">\n\t\t\t\t<div class=\"elementor-element elementor-element-f50f08e elementor-widget elementor-widget-heading\" data-id=\"f50f08e\" data-element_type=\"widget\" data-widget_type=\"heading.default\">\n\t\t\t\t<div class=\"elementor-widget-container\">\n\t\t\t\t\t<h2 class=\"elementor-heading-title elementor-size-default\">Una filiera responsabile<\/h2>\t\t\t\t<\/div>\n\t\t\t\t<\/div>\n\t\t\t\t<div class=\"elementor-element elementor-element-ac6298e elementor-widget elementor-widget-heading\" data-id=\"ac6298e\" data-element_type=\"widget\" data-widget_type=\"heading.default\">\n\t\t\t\t<div class=\"elementor-widget-container\">\n\t\t\t\t\t<h2 class=\"elementor-heading-title elementor-size-default\">Il nostro impegno per la sostenibilit\u00e0 si estende a tutta la catena di approvvigionamento, collaborando con fornitori che condividono i nostri valori. Ci dedichiamo a migliorare costantemente i processi produttivi per ridurre l'uso delle risorse e gestire i rifiuti in modo efficiente. Inoltre, investiamo in ricerca e sviluppo per tecnologie avanzate che consentono ai nostri clienti di ottimizzare l'efficienza operativa e diminuire l'impatto ambientale. La nostra filiera responsabile \u00e8 fondamentale per garantire soluzioni sostenibili e innovative.<\/h2>\t\t\t\t<\/div>\n\t\t\t\t<\/div>\n\t\t\t\t<\/div>\n\t\t<div class=\"elementor-element elementor-element-abd490b e-con-full e-flex e-con e-child\" data-id=\"abd490b\" data-element_type=\"container\" data-settings=\"{&quot;background_background&quot;:&quot;classic&quot;}\">\n\t\t\t\t<\/div>\n\t\t\t\t<\/div>\n\t\t\t\t<section class=\"elementor-section elementor-top-section elementor-element elementor-element-bad9cda elementor-section-height-min-height elementor-reverse-tablet elementor-reverse-mobile elementor-section-boxed elementor-section-height-default elementor-section-items-middle\" data-id=\"bad9cda\" data-element_type=\"section\" data-settings=\"{&quot;background_background&quot;:&quot;video&quot;,&quot;background_video_link&quot;:&quot;https:\\\/\\\/dev2.saihydraulics.com\\\/wp-content\\\/uploads\\\/2024\\\/09\\\/future-environmental-conservation-and-sustainable-2023-11-27-05-20-49-utc.mp4&quot;,&quot;background_play_on_mobile&quot;:&quot;yes&quot;}\">\n\t\t\t\t\t\t\t\t<div class=\"elementor-background-video-container\">\n\t\t\t\t\t\t\t\t\t\t\t\t\t<video class=\"elementor-background-video-hosted\" autoplay muted playsinline loop><\/video>\n\t\t\t\t\t\t\t\t\t\t\t<\/div>\n\t\t\t\t\t\t\t\t\t<div class=\"elementor-background-overlay\"><\/div>\n\t\t\t\t\t\t\t<div class=\"elementor-container elementor-column-gap-default\">\n\t\t\t\t\t<div class=\"elementor-column elementor-col-100 elementor-top-column elementor-element elementor-element-bfe785e elementor-invisible\" data-id=\"bfe785e\" data-element_type=\"column\" data-settings=\"{&quot;animation&quot;:&quot;fadeIn&quot;}\">\n\t\t\t<div class=\"elementor-widget-wrap elementor-element-populated\">\n\t\t\t\t\t\t<div class=\"elementor-element elementor-element-1250c64 elementor-widget elementor-widget-heading\" data-id=\"1250c64\" data-element_type=\"widget\" data-widget_type=\"heading.default\">\n\t\t\t\t<div class=\"elementor-widget-container\">\n\t\t\t\t\t<h2 class=\"elementor-heading-title elementor-size-default\">Un futuro sostenibile per tutti<\/h2>\t\t\t\t<\/div>\n\t\t\t\t<\/div>\n\t\t\t\t<div class=\"elementor-element elementor-element-688763e elementor-widget elementor-widget-heading\" data-id=\"688763e\" data-element_type=\"widget\" data-widget_type=\"heading.default\">\n\t\t\t\t<div class=\"elementor-widget-container\">\n\t\t\t\t\t<h4 class=\"elementor-heading-title elementor-size-default\">In SAI Hydraulic Motors, ci impegniamo costantemente per ridurre il nostro impatto ambientale attraverso l'ottimizzazione dei processi produttivi e il miglioramento dell'efficienza energetica dei nostri prodotti. Il nostro obiettivo \u00e8 minimizzare gli sprechi e sfruttare al meglio le risorse disponibili. Guardiamo al futuro con un forte impegno a migliorare continuamente le nostre pratiche e a contribuire a un sistema industriale sempre pi\u00f9 rispettoso dell'ambiente, puntando su soluzioni innovative che riducano l'impronta ecologica complessiva.<\/h4>\t\t\t\t<\/div>\n\t\t\t\t<\/div>\n\t\t\t\t\t<\/div>\n\t\t<\/div>\n\t\t\t\t\t<\/div>\n\t\t<\/section>\n\t\t<div class=\"elementor-element elementor-element-e07cef3 e-flex e-con-boxed e-con e-parent\" data-id=\"e07cef3\" data-element_type=\"container\">\n\t\t\t\t\t<div class=\"e-con-inner\">\n\t\t<div class=\"elementor-element elementor-element-7aacc68 e-con-full e-flex e-con e-child\" data-id=\"7aacc68\" data-element_type=\"container\" data-settings=\"{&quot;background_background&quot;:&quot;classic&quot;}\">\n\t\t\t\t<div class=\"elementor-element elementor-element-6dae353 elementor-widget elementor-widget-heading\" data-id=\"6dae353\" data-element_type=\"widget\" data-widget_type=\"heading.default\">\n\t\t\t\t<div class=\"elementor-widget-container\">\n\t\t\t\t\t<h3 class=\"elementor-heading-title elementor-size-default\">Inclusione e pari opportunit\u00e0<\/h3>\t\t\t\t<\/div>\n\t\t\t\t<\/div>\n\t\t\t\t<div class=\"elementor-element elementor-element-7ecfcad elementor-widget elementor-widget-text-editor\" data-id=\"7ecfcad\" data-element_type=\"widget\" data-widget_type=\"text-editor.default\">\n\t\t\t\t<div class=\"elementor-widget-container\">\n\t\t\t\t\t\t\t\t\t<p><span style=\"font-weight: 400;\">Poniamo il rispetto e la valorizzazione delle persone al centro della nostra cultura aziendale. Promuoviamo pari opportunit\u00e0 e un ambiente di lavoro inclusivo che stimola la creativit\u00e0 attraverso la diversit\u00e0. Supportiamo i nostri dipendenti con politiche di lavoro flessibili e ci impegniamo a migliorare il loro benessere, creando un ambiente professionale sano e sostenibile.<\/span><\/p>\t\t\t\t\t\t\t\t<\/div>\n\t\t\t\t<\/div>\n\t\t\t\t<\/div>\n\t\t<div class=\"elementor-element elementor-element-2280f0a e-con-full e-flex e-con e-child\" data-id=\"2280f0a\" data-element_type=\"container\" data-settings=\"{&quot;background_background&quot;:&quot;classic&quot;}\">\n\t\t\t\t<div class=\"elementor-element elementor-element-d49a6ff elementor-widget elementor-widget-heading\" data-id=\"d49a6ff\" data-element_type=\"widget\" data-widget_type=\"heading.default\">\n\t\t\t\t<div class=\"elementor-widget-container\">\n\t\t\t\t\t<h3 class=\"elementor-heading-title elementor-size-default\">Governance responsabile<\/h3>\t\t\t\t<\/div>\n\t\t\t\t<\/div>\n\t\t\t\t<div class=\"elementor-element elementor-element-203f39a elementor-widget elementor-widget-text-editor\" data-id=\"203f39a\" data-element_type=\"widget\" data-widget_type=\"text-editor.default\">\n\t\t\t\t<div class=\"elementor-widget-container\">\n\t\t\t\t\t\t\t\t\t<p><span style=\"font-weight: 400;\">Operiamo con integrit\u00e0 e trasparenza, promuovendo pratiche commerciali etiche e un dialogo aperto con clienti, fornitori e partner. Monitoriamo costantemente i nostri processi e le relazioni con i collaboratori per garantire che siano allineati con i nostri standard di sostenibilit\u00e0 ambientale e sociale. La nostra governance responsabile \u00e8 essenziale per costruire fiducia e garantire un impatto positivo nella comunit\u00e0.<\/span><\/p>\t\t\t\t\t\t\t\t<\/div>\n\t\t\t\t<\/div>\n\t\t\t\t<\/div>\n\t\t\t\t\t<\/div>\n\t\t\t\t<\/div>\n\t\t\t\t<\/div>\n\t\t","protected":false},"excerpt":{"rendered":"<p>Sostenibilit\u00e0: efficienza e innovazione al servizio del pianeta In SAI Hydraulic Motors, siamo convinti che innovazione e sostenibilit\u00e0 debbano procedere di pari passo. I nostri motori idraulici sono progettati per ridurre al minimo le perdite energetiche e ottimizzare le prestazioni, contribuendo cos\u00ec a diminuire i consumi e l&#8217;impronta di carbonio. Ogni componente \u00e8 sviluppato con [&hellip;]<\/p>\n","protected":false},"author":4,"featured_media":0,"parent":0,"menu_order":0,"comment_status":"closed","ping_status":"closed","template":"","meta":{"footnotes":""},"class_list":["post-1291","page","type-page","status-publish","hentry"],"yoast_head":"<!-- This site is optimized with the Yoast SEO plugin v25.4 - https:\/\/yoast.com\/wordpress\/plugins\/seo\/ -->\n<title>Il nostro impegno per un futuro pi\u00f9 sostenibile - SAI Hydraulic Motors<\/title>\n<meta name=\"description\" content=\"Scopri l&#039;impegno di SAI Hydraulics per la sostenibilit\u00e0: innovazione, soluzioni efficienti, filiera responsabile e persone al centro.\" \/>\n<meta name=\"robots\" content=\"index, follow, max-snippet:-1, max-image-preview:large, max-video-preview:-1\" \/>\n<link rel=\"canonical\" href=\"https:\/\/dev2.saihydraulics.com\/it\/sostenibilita\/\" \/>\n<meta property=\"og:locale\" content=\"it_IT\" \/>\n<meta property=\"og:type\" content=\"article\" \/>\n<meta property=\"og:title\" content=\"Il nostro impegno per un futuro pi\u00f9 sostenibile - SAI Hydraulic Motors\" \/>\n<meta property=\"og:description\" content=\"Scopri l&#039;impegno di SAI Hydraulics per la sostenibilit\u00e0: innovazione, soluzioni efficienti, filiera responsabile e persone al centro.\" \/>\n<meta property=\"og:url\" content=\"https:\/\/dev2.saihydraulics.com\/it\/sostenibilita\/\" \/>\n<meta property=\"og:site_name\" content=\"SAI Hydraulic Motors\" \/>\n<meta property=\"article:modified_time\" content=\"2024-12-09T09:06:25+00:00\" \/>\n<meta name=\"twitter:card\" content=\"summary_large_image\" \/>\n<meta name=\"twitter:label1\" content=\"Tempo di lettura stimato\" \/>\n\t<meta name=\"twitter:data1\" content=\"3 minuti\" \/>\n<script type=\"application\/ld+json\" class=\"yoast-schema-graph\">{\"@context\":\"https:\/\/schema.org\",\"@graph\":[{\"@type\":\"WebPage\",\"@id\":\"https:\/\/dev2.saihydraulics.com\/it\/sostenibilita\/\",\"url\":\"https:\/\/dev2.saihydraulics.com\/it\/sostenibilita\/\",\"name\":\"Il nostro impegno per un futuro pi\u00f9 sostenibile - SAI Hydraulic Motors\",\"isPartOf\":{\"@id\":\"https:\/\/dev2.saihydraulics.com\/it\/#website\"},\"datePublished\":\"2024-09-27T13:42:28+00:00\",\"dateModified\":\"2024-12-09T09:06:25+00:00\",\"description\":\"Scopri l'impegno di SAI Hydraulics per la sostenibilit\u00e0: innovazione, soluzioni efficienti, filiera responsabile e persone al centro.\",\"breadcrumb\":{\"@id\":\"https:\/\/dev2.saihydraulics.com\/it\/sostenibilita\/#breadcrumb\"},\"inLanguage\":\"it-IT\",\"potentialAction\":[{\"@type\":\"ReadAction\",\"target\":[\"https:\/\/dev2.saihydraulics.com\/it\/sostenibilita\/\"]}]},{\"@type\":\"BreadcrumbList\",\"@id\":\"https:\/\/dev2.saihydraulics.com\/it\/sostenibilita\/#breadcrumb\",\"itemListElement\":[{\"@type\":\"ListItem\",\"position\":1,\"name\":\"Home\",\"item\":\"https:\/\/dev2.saihydraulics.com\/it\/\"},{\"@type\":\"ListItem\",\"position\":2,\"name\":\"Impegno sostenibile\"}]},{\"@type\":\"WebSite\",\"@id\":\"https:\/\/dev2.saihydraulics.com\/it\/#website\",\"url\":\"https:\/\/dev2.saihydraulics.com\/it\/\",\"name\":\"%%sitename%%\",\"description\":\"\",\"publisher\":{\"@id\":\"https:\/\/dev2.saihydraulics.com\/it\/#organization\"},\"potentialAction\":[{\"@type\":\"SearchAction\",\"target\":{\"@type\":\"EntryPoint\",\"urlTemplate\":\"https:\/\/dev2.saihydraulics.com\/it\/?s={search_term_string}\"},\"query-input\":{\"@type\":\"PropertyValueSpecification\",\"valueRequired\":true,\"valueName\":\"search_term_string\"}}],\"inLanguage\":\"it-IT\"},{\"@type\":\"Organization\",\"@id\":\"https:\/\/dev2.saihydraulics.com\/it\/#organization\",\"name\":\"%%sitename%%\",\"url\":\"https:\/\/dev2.saihydraulics.com\/it\/\",\"logo\":{\"@type\":\"ImageObject\",\"inLanguage\":\"it-IT\",\"@id\":\"https:\/\/dev2.saihydraulics.com\/it\/#\/schema\/logo\/image\/\",\"url\":\"https:\/\/dev2.saihydraulics.com\/wp-content\/uploads\/2024\/09\/saiLogo-1-1.png\",\"contentUrl\":\"https:\/\/dev2.saihydraulics.com\/wp-content\/uploads\/2024\/09\/saiLogo-1-1.png\",\"width\":132,\"height\":49,\"caption\":\"%%sitename%%\"},\"image\":{\"@id\":\"https:\/\/dev2.saihydraulics.com\/it\/#\/schema\/logo\/image\/\"}}]}<\/script>\n<!-- \/ Yoast SEO plugin. -->","yoast_head_json":{"title":"Il nostro impegno per un futuro pi\u00f9 sostenibile - SAI Hydraulic Motors","description":"Scopri l'impegno di SAI Hydraulics per la sostenibilit\u00e0: innovazione, soluzioni efficienti, filiera responsabile e persone al centro.","robots":{"index":"index","follow":"follow","max-snippet":"max-snippet:-1","max-image-preview":"max-image-preview:large","max-video-preview":"max-video-preview:-1"},"canonical":"https:\/\/dev2.saihydraulics.com\/it\/sostenibilita\/","og_locale":"it_IT","og_type":"article","og_title":"Il nostro impegno per un futuro pi\u00f9 sostenibile - SAI Hydraulic Motors","og_description":"Scopri l'impegno di SAI Hydraulics per la sostenibilit\u00e0: innovazione, soluzioni efficienti, filiera responsabile e persone al centro.","og_url":"https:\/\/dev2.saihydraulics.com\/it\/sostenibilita\/","og_site_name":"SAI Hydraulic Motors","article_modified_time":"2024-12-09T09:06:25+00:00","twitter_card":"summary_large_image","twitter_misc":{"Tempo di lettura stimato":"3 minuti"},"schema":{"@context":"https:\/\/schema.org","@graph":[{"@type":"WebPage","@id":"https:\/\/dev2.saihydraulics.com\/it\/sostenibilita\/","url":"https:\/\/dev2.saihydraulics.com\/it\/sostenibilita\/","name":"Il nostro impegno per un futuro pi\u00f9 sostenibile - SAI Hydraulic Motors","isPartOf":{"@id":"https:\/\/dev2.saihydraulics.com\/it\/#website"},"datePublished":"2024-09-27T13:42:28+00:00","dateModified":"2024-12-09T09:06:25+00:00","description":"Scopri l'impegno di SAI Hydraulics per la sostenibilit\u00e0: innovazione, soluzioni efficienti, filiera responsabile e persone al centro.","breadcrumb":{"@id":"https:\/\/dev2.saihydraulics.com\/it\/sostenibilita\/#breadcrumb"},"inLanguage":"it-IT","potentialAction":[{"@type":"ReadAction","target":["https:\/\/dev2.saihydraulics.com\/it\/sostenibilita\/"]}]},{"@type":"BreadcrumbList","@id":"https:\/\/dev2.saihydraulics.com\/it\/sostenibilita\/#breadcrumb","itemListElement":[{"@type":"ListItem","position":1,"name":"Home","item":"https:\/\/dev2.saihydraulics.com\/it\/"},{"@type":"ListItem","position":2,"name":"Impegno sostenibile"}]},{"@type":"WebSite","@id":"https:\/\/dev2.saihydraulics.com\/it\/#website","url":"https:\/\/dev2.saihydraulics.com\/it\/","name":"%%sitename%%","description":"","publisher":{"@id":"https:\/\/dev2.saihydraulics.com\/it\/#organization"},"potentialAction":[{"@type":"SearchAction","target":{"@type":"EntryPoint","urlTemplate":"https:\/\/dev2.saihydraulics.com\/it\/?s={search_term_string}"},"query-input":{"@type":"PropertyValueSpecification","valueRequired":true,"valueName":"search_term_string"}}],"inLanguage":"it-IT"},{"@type":"Organization","@id":"https:\/\/dev2.saihydraulics.com\/it\/#organization","name":"%%sitename%%","url":"https:\/\/dev2.saihydraulics.com\/it\/","logo":{"@type":"ImageObject","inLanguage":"it-IT","@id":"https:\/\/dev2.saihydraulics.com\/it\/#\/schema\/logo\/image\/","url":"https:\/\/dev2.saihydraulics.com\/wp-content\/uploads\/2024\/09\/saiLogo-1-1.png","contentUrl":"https:\/\/dev2.saihydraulics.com\/wp-content\/uploads\/2024\/09\/saiLogo-1-1.png","width":132,"height":49,"caption":"%%sitename%%"},"image":{"@id":"https:\/\/dev2.saihydraulics.com\/it\/#\/schema\/logo\/image\/"}}]}},"_links":{"self":[{"href":"https:\/\/dev2.saihydraulics.com\/it\/wp-json\/wp\/v2\/pages\/1291","targetHints":{"allow":["GET"]}}],"collection":[{"href":"https:\/\/dev2.saihydraulics.com\/it\/wp-json\/wp\/v2\/pages"}],"about":[{"href":"https:\/\/dev2.saihydraulics.com\/it\/wp-json\/wp\/v2\/types\/page"}],"author":[{"embeddable":true,"href":"https:\/\/dev2.saihydraulics.com\/it\/wp-json\/wp\/v2\/users\/4"}],"replies":[{"embeddable":true,"href":"https:\/\/dev2.saihydraulics.com\/it\/wp-json\/wp\/v2\/comments?post=1291"}],"version-history":[{"count":17,"href":"https:\/\/dev2.saihydraulics.com\/it\/wp-json\/wp\/v2\/pages\/1291\/revisions"}],"predecessor-version":[{"id":2970,"href":"https:\/\/dev2.saihydraulics.com\/it\/wp-json\/wp\/v2\/pages\/1291\/revisions\/2970"}],"wp:attachment":[{"href":"https:\/\/dev2.saihydraulics.com\/it\/wp-json\/wp\/v2\/media?parent=1291"}],"curies":[{"name":"wp","href":"https:\/\/api.w.org\/{rel}","templated":true}]}}