{"id":1280,"date":"2024-09-27T15:28:06","date_gmt":"2024-09-27T13:28:06","guid":{"rendered":"https:\/\/dev2.saihydraulics.com\/?page_id=1280"},"modified":"2024-11-29T11:54:07","modified_gmt":"2024-11-29T10:54:07","slug":"chi-siamo","status":"publish","type":"page","link":"https:\/\/dev2.saihydraulics.com\/it\/chi-siamo\/","title":{"rendered":"Chi siamo"},"content":{"rendered":"\t\t<div data-elementor-type=\"wp-page\" data-elementor-id=\"1280\" class=\"elementor elementor-1280\" data-elementor-post-type=\"page\">\n\t\t\t\t<div class=\"elementor-element elementor-element-2104d9a e-flex e-con-boxed e-con e-parent\" data-id=\"2104d9a\" data-element_type=\"container\" data-settings=\"{&quot;background_background&quot;:&quot;slideshow&quot;,&quot;background_slideshow_gallery&quot;:[{&quot;id&quot;:1670,&quot;url&quot;:&quot;https:\\\/\\\/dev2.saihydraulics.com\\\/wp-content\\\/uploads\\\/2024\\\/10\\\/Esterni_sede2_jpg--scaled.webp&quot;}],&quot;background_slideshow_slide_duration&quot;:3000,&quot;background_slideshow_ken_burns&quot;:&quot;yes&quot;,&quot;background_slideshow_loop&quot;:&quot;yes&quot;,&quot;background_slideshow_slide_transition&quot;:&quot;fade&quot;,&quot;background_slideshow_transition_duration&quot;:500,&quot;background_slideshow_ken_burns_zoom_direction&quot;:&quot;in&quot;}\">\n\t\t\t\t\t<div class=\"e-con-inner\">\n\t\t\t\t<div class=\"elementor-element elementor-element-484a9a2 elementor-widget elementor-widget-heading\" data-id=\"484a9a2\" data-element_type=\"widget\" data-widget_type=\"heading.default\">\n\t\t\t\t<div class=\"elementor-widget-container\">\n\t\t\t\t\t<h1 class=\"elementor-heading-title elementor-size-default\">SAI Hydraulic Motors<\/h1>\t\t\t\t<\/div>\n\t\t\t\t<\/div>\n\t\t\t\t<div class=\"elementor-element elementor-element-ce703a7 elementor-widget elementor-widget-heading\" data-id=\"ce703a7\" data-element_type=\"widget\" data-widget_type=\"heading.default\">\n\t\t\t\t<div class=\"elementor-widget-container\">\n\t\t\t\t\t<p class=\"elementor-heading-title elementor-size-default\">SAI \u00e8 un'azienda di riferimento nella produzione di motori idraulici a pistoni radiali<br> con tecnologia ad albero a gomito, riconosciuta a livello globale<br> per la sua innovazione e affidabilit\u00e0.<\/p>\t\t\t\t<\/div>\n\t\t\t\t<\/div>\n\t\t\t\t\t<\/div>\n\t\t\t\t<\/div>\n\t\t<div class=\"elementor-element elementor-element-69833a3 e-flex e-con-boxed e-con e-parent\" data-id=\"69833a3\" data-element_type=\"container\" id=\"vv\">\n\t\t\t\t\t<div class=\"e-con-inner\">\n\t\t\t\t<div class=\"elementor-element elementor-element-9dd3574 elementor-widget elementor-widget-heading\" data-id=\"9dd3574\" data-element_type=\"widget\" data-widget_type=\"heading.default\">\n\t\t\t\t<div class=\"elementor-widget-container\">\n\t\t\t\t\t<h2 class=\"elementor-heading-title elementor-size-default\">Vision e valori<\/h2>\t\t\t\t<\/div>\n\t\t\t\t<\/div>\n\t\t\t\t<div class=\"elementor-element elementor-element-270771d elementor-widget elementor-widget-heading\" data-id=\"270771d\" data-element_type=\"widget\" data-widget_type=\"heading.default\">\n\t\t\t\t<div class=\"elementor-widget-container\">\n\t\t\t\t\t<h2 class=\"elementor-heading-title elementor-size-default\">SAI garantisce soluzioni tecnologiche che combinano efficienza, sostenibilit\u00e0 e innovazione a lungo termine.<br><br>\n\nSAI crede fermamente nell'importanza delle persone: ogni dipendente \u00e8 considerato una risorsa essenziale, e l'etica professionale \u00e8 al centro della cultura aziendale. \u00c8 nostra cura promuovere un ambiente in cui l'innovazione e la crescita personale siano incoraggiate, creando cos\u00ec un team motivato e altamente competente.<\/h2>\t\t\t\t<\/div>\n\t\t\t\t<\/div>\n\t\t\t\t\t<\/div>\n\t\t\t\t<\/div>\n\t\t<div class=\"elementor-element elementor-element-4491fc7 e-flex e-con-boxed e-con e-parent\" data-id=\"4491fc7\" data-element_type=\"container\" data-settings=\"{&quot;background_background&quot;:&quot;classic&quot;}\">\n\t\t\t\t\t<div class=\"e-con-inner\">\n\t\t<div class=\"elementor-element elementor-element-aec3d63 e-con-full e-flex e-con e-child\" data-id=\"aec3d63\" data-element_type=\"container\">\n\t\t\t\t<div class=\"elementor-element elementor-element-ce00b54 elementor-widget elementor-widget-heading\" data-id=\"ce00b54\" data-element_type=\"widget\" data-widget_type=\"heading.default\">\n\t\t\t\t<div class=\"elementor-widget-container\">\n\t\t\t\t\t<p class=\"elementor-heading-title elementor-size-default\">PUNTI DI FORZA<\/p>\t\t\t\t<\/div>\n\t\t\t\t<\/div>\n\t\t\t\t<div class=\"elementor-element elementor-element-a5950e1 elementor-icon-list--layout-traditional elementor-list-item-link-full_width elementor-widget elementor-widget-icon-list\" data-id=\"a5950e1\" data-element_type=\"widget\" data-widget_type=\"icon-list.default\">\n\t\t\t\t<div class=\"elementor-widget-container\">\n\t\t\t\t\t\t\t<ul class=\"elementor-icon-list-items\">\n\t\t\t\t\t\t\t<li class=\"elementor-icon-list-item\">\n\t\t\t\t\t\t\t\t\t\t\t<span class=\"elementor-icon-list-icon\">\n\t\t\t\t\t\t\t<i aria-hidden=\"true\" class=\"fas fa-check\"><\/i>\t\t\t\t\t\t<\/span>\n\t\t\t\t\t\t\t\t\t\t<span class=\"elementor-icon-list-text\">Tecnologia esclusiva per efficienza e controllo senza eguali.<\/span>\n\t\t\t\t\t\t\t\t\t<\/li>\n\t\t\t\t\t\t\t\t<li class=\"elementor-icon-list-item\">\n\t\t\t\t\t\t\t\t\t\t\t<span class=\"elementor-icon-list-icon\">\n\t\t\t\t\t\t\t<i aria-hidden=\"true\" class=\"fas fa-check\"><\/i>\t\t\t\t\t\t<\/span>\n\t\t\t\t\t\t\t\t\t\t<span class=\"elementor-icon-list-text\">Un motore che si distingue per la sua elevata efficienza, grazie alla tecnologia di regolazione proporzionale della cilindrata. Questo sistema consente di ampliare il range di applicazione del motore idraulico rispetto alle soluzioni convenzionali, eliminando la necessit\u00e0 di componenti meccanici come cambi e frizioni.<\/span>\n\t\t\t\t\t\t\t\t\t<\/li>\n\t\t\t\t\t\t\t\t<li class=\"elementor-icon-list-item\">\n\t\t\t\t\t\t\t\t\t\t\t<span class=\"elementor-icon-list-icon\">\n\t\t\t\t\t\t\t<i aria-hidden=\"true\" class=\"fas fa-check\"><\/i>\t\t\t\t\t\t<\/span>\n\t\t\t\t\t\t\t\t\t\t<span class=\"elementor-icon-list-text\">Team internazionale con una visione strategica e decenni di successo.<\/span>\n\t\t\t\t\t\t\t\t\t<\/li>\n\t\t\t\t\t\t\t\t<li class=\"elementor-icon-list-item\">\n\t\t\t\t\t\t\t\t\t\t\t<span class=\"elementor-icon-list-icon\">\n\t\t\t\t\t\t\t<i aria-hidden=\"true\" class=\"fas fa-check\"><\/i>\t\t\t\t\t\t<\/span>\n\t\t\t\t\t\t\t\t\t\t<span class=\"elementor-icon-list-text\">Collaborazioni consolidate e innovazioni che segnano nuovi standard industriali.<\/span>\n\t\t\t\t\t\t\t\t\t<\/li>\n\t\t\t\t\t\t\t\t<li class=\"elementor-icon-list-item\">\n\t\t\t\t\t\t\t\t\t\t\t<span class=\"elementor-icon-list-icon\">\n\t\t\t\t\t\t\t<i aria-hidden=\"true\" class=\"fas fa-check\"><\/i>\t\t\t\t\t\t<\/span>\n\t\t\t\t\t\t\t\t\t\t<span class=\"elementor-icon-list-text\">Supporto tecnico e assistenza continua al cliente, dal prototipo alla manutenzione post-vendita.<\/span>\n\t\t\t\t\t\t\t\t\t<\/li>\n\t\t\t\t\t\t<\/ul>\n\t\t\t\t\t\t<\/div>\n\t\t\t\t<\/div>\n\t\t\t\t<\/div>\n\t\t<div class=\"elementor-element elementor-element-d7b0927 e-con-full e-flex e-con e-child\" data-id=\"d7b0927\" data-element_type=\"container\">\n\t\t\t\t<div class=\"elementor-element elementor-element-2a13c2d elementor-widget elementor-widget-video\" data-id=\"2a13c2d\" data-element_type=\"widget\" data-settings=\"{&quot;youtube_url&quot;:&quot;https:\\\/\\\/www.youtube.com\\\/watch?v=h-pWlMzA7DQ&quot;,&quot;start&quot;:30,&quot;end&quot;:71,&quot;autoplay&quot;:&quot;yes&quot;,&quot;play_on_mobile&quot;:&quot;yes&quot;,&quot;mute&quot;:&quot;yes&quot;,&quot;loop&quot;:&quot;yes&quot;,&quot;yt_privacy&quot;:&quot;yes&quot;,&quot;video_type&quot;:&quot;youtube&quot;}\" data-widget_type=\"video.default\">\n\t\t\t\t<div class=\"elementor-widget-container\">\n\t\t\t\t\t\t\t<div class=\"elementor-wrapper elementor-open-inline\">\n\t\t\t<div class=\"elementor-video\"><\/div>\t\t<\/div>\n\t\t\t\t\t\t<\/div>\n\t\t\t\t<\/div>\n\t\t\t\t<\/div>\n\t\t\t\t\t<\/div>\n\t\t\t\t<\/div>\n\t\t\t\t<section class=\"elementor-section elementor-top-section elementor-element elementor-element-bad9cda elementor-section-height-min-height elementor-reverse-tablet elementor-reverse-mobile elementor-section-boxed elementor-section-height-default elementor-section-items-middle\" data-id=\"bad9cda\" data-element_type=\"section\" data-settings=\"{&quot;background_background&quot;:&quot;video&quot;,&quot;background_video_link&quot;:&quot;https:\\\/\\\/dev2.saihydraulics.com\\\/wp-content\\\/uploads\\\/2024\\\/08\\\/video-sai.mov&quot;,&quot;background_play_on_mobile&quot;:&quot;yes&quot;}\">\n\t\t\t\t\t\t\t\t<div class=\"elementor-background-video-container\">\n\t\t\t\t\t\t\t\t\t\t\t\t\t<video class=\"elementor-background-video-hosted\" autoplay muted playsinline loop><\/video>\n\t\t\t\t\t\t\t\t\t\t\t<\/div>\n\t\t\t\t\t\t\t\t\t<div class=\"elementor-background-overlay\"><\/div>\n\t\t\t\t\t\t\t<div class=\"elementor-container elementor-column-gap-default\">\n\t\t\t\t\t<div class=\"elementor-column elementor-col-100 elementor-top-column elementor-element elementor-element-bfe785e elementor-invisible\" data-id=\"bfe785e\" data-element_type=\"column\" data-settings=\"{&quot;animation&quot;:&quot;fadeIn&quot;}\">\n\t\t\t<div class=\"elementor-widget-wrap elementor-element-populated\">\n\t\t\t\t\t\t<div class=\"elementor-element elementor-element-1250c64 elementor-widget elementor-widget-heading\" data-id=\"1250c64\" data-element_type=\"widget\" data-widget_type=\"heading.default\">\n\t\t\t\t<div class=\"elementor-widget-container\">\n\t\t\t\t\t<h2 class=\"elementor-heading-title elementor-size-default\">Impegno per un futuro sostenibile<\/h2>\t\t\t\t<\/div>\n\t\t\t\t<\/div>\n\t\t\t\t<div class=\"elementor-element elementor-element-688763e elementor-widget elementor-widget-heading\" data-id=\"688763e\" data-element_type=\"widget\" data-widget_type=\"heading.default\">\n\t\t\t\t<div class=\"elementor-widget-container\">\n\t\t\t\t\t<h4 class=\"elementor-heading-title elementor-size-default\">Grazie a tecnologie innovative, i motori idraulici SAI offrono prestazioni superiori rispetto ai concorrenti, riducendo notevolmente i consumi energetici e le emissioni.\n<br><br>\nLa sostenibilit\u00e0 \u00e8 al centro della  progettazione dei motori SAI: una rete globale di sedi produttive consente di minimizzare l'impatto ambientale legato al trasporto, garantendo una distribuzione efficiente in tutto il mondo.<br><br> Questi motori non solo alimentano le industrie, ma lo fanno in modo pi\u00f9 pulito e responsabile, contribuendo a un futuro pi\u00f9 sostenibile per tutti.<\/h4>\t\t\t\t<\/div>\n\t\t\t\t<\/div>\n\t\t\t\t<section class=\"elementor-section elementor-inner-section elementor-element elementor-element-b20f339 elementor-section-boxed elementor-section-height-default elementor-section-height-default\" data-id=\"b20f339\" data-element_type=\"section\">\n\t\t\t\t\t\t<div class=\"elementor-container elementor-column-gap-default\">\n\t\t\t\t\t<div class=\"elementor-column elementor-col-100 elementor-inner-column elementor-element elementor-element-96d2e29\" data-id=\"96d2e29\" data-element_type=\"column\">\n\t\t\t<div class=\"elementor-widget-wrap elementor-element-populated\">\n\t\t\t\t\t\t<div class=\"elementor-element elementor-element-8110bb4 elementor-align-center elementor-mobile-align-center elementor-widget elementor-widget-button\" data-id=\"8110bb4\" data-element_type=\"widget\" data-widget_type=\"button.default\">\n\t\t\t\t<div class=\"elementor-widget-container\">\n\t\t\t\t\t\t\t\t\t<div class=\"elementor-button-wrapper\">\n\t\t\t\t\t<a class=\"elementor-button elementor-button-link elementor-size-xs elementor-animation-float\" href=\"https:\/\/dev2.saihydraulics.com\/impegno-sostenibile\/\">\n\t\t\t\t\t\t<span class=\"elementor-button-content-wrapper\">\n\t\t\t\t\t\t\t\t\t<span class=\"elementor-button-text\">Impegno Sostenibile<\/span>\n\t\t\t\t\t<\/span>\n\t\t\t\t\t<\/a>\n\t\t\t\t<\/div>\n\t\t\t\t\t\t\t\t<\/div>\n\t\t\t\t<\/div>\n\t\t\t\t\t<\/div>\n\t\t<\/div>\n\t\t\t\t\t<\/div>\n\t\t<\/section>\n\t\t\t\t\t<\/div>\n\t\t<\/div>\n\t\t\t\t\t<\/div>\n\t\t<\/section>\n\t\t\t\t<\/div>\n\t\t","protected":false},"excerpt":{"rendered":"<p>SAI Hydraulic Motors SAI \u00e8 un&#8217;azienda di riferimento nella produzione di motori idraulici a pistoni radiali con tecnologia ad albero a gomito, riconosciuta a livello globale per la sua innovazione e affidabilit\u00e0. Vision e valori SAI garantisce soluzioni tecnologiche che combinano efficienza, sostenibilit\u00e0 e innovazione a lungo termine. SAI crede fermamente nell&#8217;importanza delle persone: ogni [&hellip;]<\/p>\n","protected":false},"author":4,"featured_media":0,"parent":0,"menu_order":0,"comment_status":"closed","ping_status":"closed","template":"","meta":{"footnotes":""},"class_list":["post-1280","page","type-page","status-publish","hentry"],"yoast_head":"<!-- This site is optimized with the Yoast SEO plugin v25.4 - https:\/\/yoast.com\/wordpress\/plugins\/seo\/ -->\n<title>Chi siamo - SAI Hydraulic Motors - innovazione e qualit\u00e0 dei motori idraulici<\/title>\n<meta name=\"description\" content=\"Conosci SAI Hydraulics: esperti in soluzioni idrauliche innovative per applicazioni industriali. Scopri la nostra storia e i nostri valori.\" \/>\n<meta name=\"robots\" content=\"index, follow, max-snippet:-1, max-image-preview:large, max-video-preview:-1\" \/>\n<link rel=\"canonical\" href=\"https:\/\/dev2.saihydraulics.com\/it\/chi-siamo\/\" \/>\n<meta property=\"og:locale\" content=\"it_IT\" \/>\n<meta property=\"og:type\" content=\"article\" \/>\n<meta property=\"og:title\" content=\"Chi siamo - SAI Hydraulic Motors - innovazione e qualit\u00e0 dei motori idraulici\" \/>\n<meta property=\"og:description\" content=\"Conosci SAI Hydraulics: esperti in soluzioni idrauliche innovative per applicazioni industriali. Scopri la nostra storia e i nostri valori.\" \/>\n<meta property=\"og:url\" content=\"https:\/\/dev2.saihydraulics.com\/it\/chi-siamo\/\" \/>\n<meta property=\"og:site_name\" content=\"SAI Hydraulic Motors\" \/>\n<meta property=\"article:modified_time\" content=\"2024-11-29T10:54:07+00:00\" \/>\n<meta name=\"twitter:card\" content=\"summary_large_image\" \/>\n<meta name=\"twitter:label1\" content=\"Tempo di lettura stimato\" \/>\n\t<meta name=\"twitter:data1\" content=\"2 minuti\" \/>\n<script type=\"application\/ld+json\" class=\"yoast-schema-graph\">{\"@context\":\"https:\/\/schema.org\",\"@graph\":[{\"@type\":\"WebPage\",\"@id\":\"https:\/\/dev2.saihydraulics.com\/it\/chi-siamo\/\",\"url\":\"https:\/\/dev2.saihydraulics.com\/it\/chi-siamo\/\",\"name\":\"Chi siamo - SAI Hydraulic Motors - innovazione e qualit\u00e0 dei motori idraulici\",\"isPartOf\":{\"@id\":\"https:\/\/dev2.saihydraulics.com\/it\/#website\"},\"datePublished\":\"2024-09-27T13:28:06+00:00\",\"dateModified\":\"2024-11-29T10:54:07+00:00\",\"description\":\"Conosci SAI Hydraulics: esperti in soluzioni idrauliche innovative per applicazioni industriali. Scopri la nostra storia e i nostri valori.\",\"breadcrumb\":{\"@id\":\"https:\/\/dev2.saihydraulics.com\/it\/chi-siamo\/#breadcrumb\"},\"inLanguage\":\"it-IT\",\"potentialAction\":[{\"@type\":\"ReadAction\",\"target\":[\"https:\/\/dev2.saihydraulics.com\/it\/chi-siamo\/\"]}]},{\"@type\":\"BreadcrumbList\",\"@id\":\"https:\/\/dev2.saihydraulics.com\/it\/chi-siamo\/#breadcrumb\",\"itemListElement\":[{\"@type\":\"ListItem\",\"position\":1,\"name\":\"Home\",\"item\":\"https:\/\/dev2.saihydraulics.com\/it\/\"},{\"@type\":\"ListItem\",\"position\":2,\"name\":\"Chi siamo\"}]},{\"@type\":\"WebSite\",\"@id\":\"https:\/\/dev2.saihydraulics.com\/it\/#website\",\"url\":\"https:\/\/dev2.saihydraulics.com\/it\/\",\"name\":\"%%sitename%%\",\"description\":\"\",\"publisher\":{\"@id\":\"https:\/\/dev2.saihydraulics.com\/it\/#organization\"},\"potentialAction\":[{\"@type\":\"SearchAction\",\"target\":{\"@type\":\"EntryPoint\",\"urlTemplate\":\"https:\/\/dev2.saihydraulics.com\/it\/?s={search_term_string}\"},\"query-input\":{\"@type\":\"PropertyValueSpecification\",\"valueRequired\":true,\"valueName\":\"search_term_string\"}}],\"inLanguage\":\"it-IT\"},{\"@type\":\"Organization\",\"@id\":\"https:\/\/dev2.saihydraulics.com\/it\/#organization\",\"name\":\"%%sitename%%\",\"url\":\"https:\/\/dev2.saihydraulics.com\/it\/\",\"logo\":{\"@type\":\"ImageObject\",\"inLanguage\":\"it-IT\",\"@id\":\"https:\/\/dev2.saihydraulics.com\/it\/#\/schema\/logo\/image\/\",\"url\":\"https:\/\/dev2.saihydraulics.com\/wp-content\/uploads\/2024\/09\/saiLogo-1-1.png\",\"contentUrl\":\"https:\/\/dev2.saihydraulics.com\/wp-content\/uploads\/2024\/09\/saiLogo-1-1.png\",\"width\":132,\"height\":49,\"caption\":\"%%sitename%%\"},\"image\":{\"@id\":\"https:\/\/dev2.saihydraulics.com\/it\/#\/schema\/logo\/image\/\"}}]}<\/script>\n<!-- \/ Yoast SEO plugin. -->","yoast_head_json":{"title":"Chi siamo - SAI Hydraulic Motors - innovazione e qualit\u00e0 dei motori idraulici","description":"Conosci SAI Hydraulics: esperti in soluzioni idrauliche innovative per applicazioni industriali. Scopri la nostra storia e i nostri valori.","robots":{"index":"index","follow":"follow","max-snippet":"max-snippet:-1","max-image-preview":"max-image-preview:large","max-video-preview":"max-video-preview:-1"},"canonical":"https:\/\/dev2.saihydraulics.com\/it\/chi-siamo\/","og_locale":"it_IT","og_type":"article","og_title":"Chi siamo - SAI Hydraulic Motors - innovazione e qualit\u00e0 dei motori idraulici","og_description":"Conosci SAI Hydraulics: esperti in soluzioni idrauliche innovative per applicazioni industriali. Scopri la nostra storia e i nostri valori.","og_url":"https:\/\/dev2.saihydraulics.com\/it\/chi-siamo\/","og_site_name":"SAI Hydraulic Motors","article_modified_time":"2024-11-29T10:54:07+00:00","twitter_card":"summary_large_image","twitter_misc":{"Tempo di lettura stimato":"2 minuti"},"schema":{"@context":"https:\/\/schema.org","@graph":[{"@type":"WebPage","@id":"https:\/\/dev2.saihydraulics.com\/it\/chi-siamo\/","url":"https:\/\/dev2.saihydraulics.com\/it\/chi-siamo\/","name":"Chi siamo - SAI Hydraulic Motors - innovazione e qualit\u00e0 dei motori idraulici","isPartOf":{"@id":"https:\/\/dev2.saihydraulics.com\/it\/#website"},"datePublished":"2024-09-27T13:28:06+00:00","dateModified":"2024-11-29T10:54:07+00:00","description":"Conosci SAI Hydraulics: esperti in soluzioni idrauliche innovative per applicazioni industriali. Scopri la nostra storia e i nostri valori.","breadcrumb":{"@id":"https:\/\/dev2.saihydraulics.com\/it\/chi-siamo\/#breadcrumb"},"inLanguage":"it-IT","potentialAction":[{"@type":"ReadAction","target":["https:\/\/dev2.saihydraulics.com\/it\/chi-siamo\/"]}]},{"@type":"BreadcrumbList","@id":"https:\/\/dev2.saihydraulics.com\/it\/chi-siamo\/#breadcrumb","itemListElement":[{"@type":"ListItem","position":1,"name":"Home","item":"https:\/\/dev2.saihydraulics.com\/it\/"},{"@type":"ListItem","position":2,"name":"Chi siamo"}]},{"@type":"WebSite","@id":"https:\/\/dev2.saihydraulics.com\/it\/#website","url":"https:\/\/dev2.saihydraulics.com\/it\/","name":"%%sitename%%","description":"","publisher":{"@id":"https:\/\/dev2.saihydraulics.com\/it\/#organization"},"potentialAction":[{"@type":"SearchAction","target":{"@type":"EntryPoint","urlTemplate":"https:\/\/dev2.saihydraulics.com\/it\/?s={search_term_string}"},"query-input":{"@type":"PropertyValueSpecification","valueRequired":true,"valueName":"search_term_string"}}],"inLanguage":"it-IT"},{"@type":"Organization","@id":"https:\/\/dev2.saihydraulics.com\/it\/#organization","name":"%%sitename%%","url":"https:\/\/dev2.saihydraulics.com\/it\/","logo":{"@type":"ImageObject","inLanguage":"it-IT","@id":"https:\/\/dev2.saihydraulics.com\/it\/#\/schema\/logo\/image\/","url":"https:\/\/dev2.saihydraulics.com\/wp-content\/uploads\/2024\/09\/saiLogo-1-1.png","contentUrl":"https:\/\/dev2.saihydraulics.com\/wp-content\/uploads\/2024\/09\/saiLogo-1-1.png","width":132,"height":49,"caption":"%%sitename%%"},"image":{"@id":"https:\/\/dev2.saihydraulics.com\/it\/#\/schema\/logo\/image\/"}}]}},"_links":{"self":[{"href":"https:\/\/dev2.saihydraulics.com\/it\/wp-json\/wp\/v2\/pages\/1280","targetHints":{"allow":["GET"]}}],"collection":[{"href":"https:\/\/dev2.saihydraulics.com\/it\/wp-json\/wp\/v2\/pages"}],"about":[{"href":"https:\/\/dev2.saihydraulics.com\/it\/wp-json\/wp\/v2\/types\/page"}],"author":[{"embeddable":true,"href":"https:\/\/dev2.saihydraulics.com\/it\/wp-json\/wp\/v2\/users\/4"}],"replies":[{"embeddable":true,"href":"https:\/\/dev2.saihydraulics.com\/it\/wp-json\/wp\/v2\/comments?post=1280"}],"version-history":[{"count":38,"href":"https:\/\/dev2.saihydraulics.com\/it\/wp-json\/wp\/v2\/pages\/1280\/revisions"}],"predecessor-version":[{"id":4419,"href":"https:\/\/dev2.saihydraulics.com\/it\/wp-json\/wp\/v2\/pages\/1280\/revisions\/4419"}],"wp:attachment":[{"href":"https:\/\/dev2.saihydraulics.com\/it\/wp-json\/wp\/v2\/media?parent=1280"}],"curies":[{"name":"wp","href":"https:\/\/api.w.org\/{rel}","templated":true}]}}